{"id":11,"date":"2015-11-16T16:34:16","date_gmt":"2015-11-16T16:34:16","guid":{"rendered":"http:\/\/www.centrosocialdesardoura.com\/wp\/?page_id=11"},"modified":"2020-06-12T15:54:04","modified_gmt":"2020-06-12T14:54:04","slug":"respostas-sociais","status":"publish","type":"page","link":"https:\/\/www.centrosocialdesardoura.com\/wp\/respostas-sociais\/","title":{"rendered":"Respostas Sociais"},"content":{"rendered":"<div class=\"fusion-fullwidth fullwidth-box fusion-fullwidth-1  fusion-parallax-none nonhundred-percent-fullwidth\" style=\"border-color:#eae9e9;border-bottom-width: 0px;border-top-width: 0px;border-bottom-style: solid;border-top-style: solid;padding-bottom:20px;padding-top:20px;padding-left:px;padding-right:px;\"><style type=\"text\/css\" scoped=\"scoped\">.fusion-fullwidth-1 {\n                            padding-left: px !important;\n                            padding-right: px !important;\n                        }<\/style><div class=\"fusion-row\"><div class=\"fusion-one-full fusion-layout-column fusion-column-last fusion-spacing-yes\" style=\"margin-top:0px;margin-bottom:20px;\"><div class=\"fusion-column-wrapper\"><div class=\"fusion-title title sep-underline sep-dotted fusion-title-size-one\"><h1 class=\"title-heading-left\">Respostas Sociais <\/h1><div class=\"title-sep-container\"><div class=\"title-sep sep-underline sep-dotted\"><\/div><\/div><\/div><div class=\"fusion-clearfix\"><\/div><\/div><\/div><div class=\"fusion-clearfix\"><\/div><div class=\"fusion-one-fourth fusion-layout-column fusion-spacing-yes\" style=\"margin-top:0px;margin-bottom:20px;\"><div class=\"fusion-column-wrapper\"><span class=\"fusion-imageframe imageframe-none imageframe-1 hover-type-none\"><a class=\"fusion-no-lightbox\" href=\"http:\/\/www.centrosocialdesardoura.com\/wp\/respostas-sociais\/creche\/\" target=\"_self\"> <img decoding=\"async\" src=\"http:\/\/www.centrosocialdesardoura.com\/wp\/wp-content\/uploads\/2015\/11\/DSC_0002-300x200.jpg\" alt=\"\" class=\"img-responsive\"\/><\/a><\/span><div class=\"fusion-clearfix\"><\/div><\/div><\/div><div class=\"fusion-three-fourth fusion-layout-column fusion-column-last fusion-spacing-yes\" style=\"margin-top:0px;margin-bottom:20px;\"><div class=\"fusion-column-wrapper\"><h2>Creche<\/h2>\n<p>O Centro Social de Santa Maria de Sardoura oferece uma nova resposta social com o principal objetivo de proporcionar o bem-estar e o desenvolvimento de crian\u00e7as at\u00e9 aos 3 anos, num clima de seguran\u00e7a afetiva e f\u00edsica. <strong><a href=\"http:\/\/www.centrosocialdesardoura.com\/wp\/respostas-sociais\/creche\/\">Ver mais<\/a><\/strong><\/p>\n<div class=\"fusion-clearfix\"><\/div><\/div><\/div><div class=\"fusion-clearfix\"><\/div><\/div><\/div><div class=\"fusion-fullwidth fullwidth-box fusion-fullwidth-2  fusion-parallax-none nonhundred-percent-fullwidth\" style=\"border-color:#eae9e9;border-bottom-width: 0px;border-top-width: 0px;border-bottom-style: solid;border-top-style: solid;padding-bottom:20px;padding-top:20px;padding-left:px;padding-right:px;\"><style type=\"text\/css\" scoped=\"scoped\">.fusion-fullwidth-2 {\n                            padding-left: px !important;\n                            padding-right: px !important;\n                        }<\/style><div class=\"fusion-row\"><div class=\"fusion-one-fourth fusion-layout-column fusion-spacing-yes\" style=\"margin-top:0px;margin-bottom:20px;\"><div class=\"fusion-column-wrapper\"><span class=\"fusion-imageframe imageframe-none imageframe-2 hover-type-none\"><a class=\"fusion-no-lightbox\" href=\"http:\/\/www.centrosocialdesardoura.com\/wp\/respostas-sociais\/c-a-t-l\/\" target=\"_self\"> <img decoding=\"async\" src=\"http:\/\/www.centrosocialdesardoura.com\/wp\/wp-content\/uploads\/2015\/11\/catl1-300x214.png\" alt=\"\" class=\"img-responsive\"\/><\/a><\/span><div class=\"fusion-clearfix\"><\/div><\/div><\/div><div class=\"fusion-three-fourth fusion-layout-column fusion-column-last fusion-spacing-yes\" style=\"margin-top:0px;margin-bottom:20px;\"><div class=\"fusion-column-wrapper\"><h2>C.A.T.L.<\/h2>\n<p>O C.A.T.L pretende proporcionar \u00e0s crian\u00e7as entre os 6 e 12 anos de idade, de ambos os sexos, experi\u00eancias que promovam o seu crescimento como pessoa, satisfazendo necessidades de ordem f\u00edsica, intelectual, afetiva e social. <strong><a href=\"http:\/\/www.centrosocialdesardoura.com\/wp\/respostas-sociais\/c-a-t-l\/\">Ver mais<\/a><\/strong><\/p>\n<div class=\"fusion-clearfix\"><\/div><\/div><\/div><div class=\"fusion-clearfix\"><\/div><\/div><\/div><div class=\"fusion-fullwidth fullwidth-box fusion-fullwidth-3  fusion-parallax-none nonhundred-percent-fullwidth\" style=\"border-color:#eae9e9;border-bottom-width: 0px;border-top-width: 0px;border-bottom-style: solid;border-top-style: solid;padding-bottom:20px;padding-top:20px;padding-left:px;padding-right:px;\"><style type=\"text\/css\" scoped=\"scoped\">.fusion-fullwidth-3 {\n                            padding-left: px !important;\n                            padding-right: px !important;\n                        }<\/style><div class=\"fusion-row\"><div class=\"fusion-one-fourth fusion-layout-column fusion-spacing-yes\" style=\"margin-top:0px;margin-bottom:20px;\"><div class=\"fusion-column-wrapper\"><span class=\"fusion-imageframe imageframe-none imageframe-3 hover-type-none\"><a class=\"fusion-no-lightbox\" href=\"http:\/\/www.centrosocialdesardoura.com\/wp\/respostas-sociais\/prolongamento-escolar\/\" target=\"_self\"> <img decoding=\"async\" src=\"http:\/\/www.centrosocialdesardoura.com\/wp\/wp-content\/uploads\/2015\/11\/prolong1-300x300.png\" alt=\"\" class=\"img-responsive\"\/><\/a><\/span><div class=\"fusion-clearfix\"><\/div><\/div><\/div><div class=\"fusion-three-fourth fusion-layout-column fusion-column-last fusion-spacing-yes\" style=\"margin-top:0px;margin-bottom:20px;\"><div class=\"fusion-column-wrapper\"><h2>Prolongamento Escolar<\/h2>\n<p>O Servi\u00e7o de Prolongamento de Hor\u00e1rio destina-se a assegurar o acompanhamento das crian\u00e7as na educa\u00e7\u00e3o pr\u00e9 -escolar depois do per\u00edodo di\u00e1rio de atividades educativas (15h30 \u2013 18h00) e durante os per\u00edodos de interrup\u00e7\u00e3o destas atividades. <strong><a href=\"http:\/\/www.centrosocialdesardoura.com\/wp\/respostas-sociais\/prolongamento-escolar\/\">Ver mais<\/a><\/strong><\/p>\n<div class=\"fusion-clearfix\"><\/div><\/div><\/div><div class=\"fusion-clearfix\"><\/div><\/div><\/div><div class=\"fusion-fullwidth fullwidth-box fusion-fullwidth-4  fusion-parallax-none nonhundred-percent-fullwidth\" style=\"border-color:#eae9e9;border-bottom-width: 0px;border-top-width: 0px;border-bottom-style: solid;border-top-style: solid;padding-bottom:20px;padding-top:20px;padding-left:px;padding-right:px;\"><style type=\"text\/css\" scoped=\"scoped\">.fusion-fullwidth-4 {\n                            padding-left: px !important;\n                            padding-right: px !important;\n                        }<\/style><div class=\"fusion-row\"><div class=\"fusion-one-fourth fusion-layout-column fusion-spacing-yes\" style=\"margin-top:0px;margin-bottom:20px;\"><div class=\"fusion-column-wrapper\"><span class=\"fusion-imageframe imageframe-none imageframe-4 hover-type-none\"><a class=\"fusion-no-lightbox\" href=\"http:\/\/www.centrosocialdesardoura.com\/wp\/respostas-sociais\/e-r-p-i-lar-de-idosos\/\" target=\"_self\"> <img decoding=\"async\" src=\"http:\/\/www.centrosocialdesardoura.com\/wp\/wp-content\/uploads\/2015\/11\/lar3.jpg\" alt=\"\" class=\"img-responsive\"\/><\/a><\/span><div class=\"fusion-clearfix\"><\/div><\/div><\/div><div class=\"fusion-three-fourth fusion-layout-column fusion-column-last fusion-spacing-yes\" style=\"margin-top:0px;margin-bottom:20px;\"><div class=\"fusion-column-wrapper\"><h2>E.R.P.I. &#8211; Estrutura Residencial para Pessoas Idosas<\/h2>\n<p>A estrutura residencial para pessoas idosas (lar) \u00e9 uma resposta social, desenvolvida em alojamento coletivo, de utiliza\u00e7\u00e3o tempor\u00e1ria ou permanente, para idosos em situa\u00e7\u00e3o de maior risco de perda de independ\u00eancia e\/ou de autonomia. Proporciona ainda uma alimenta\u00e7\u00e3o cuidada, presta cuidados&#8230;<strong><a href=\"http:\/\/www.centrosocialdesardoura.com\/wp\/respostas-sociais\/e-r-p-i-lar-de-idosos\/\">Ver mais<\/a><\/strong><\/p>\n<div class=\"fusion-clearfix\"><\/div><\/div><\/div><div class=\"fusion-clearfix\"><\/div><\/div><\/div><div class=\"fusion-fullwidth fullwidth-box fusion-fullwidth-5  fusion-parallax-none nonhundred-percent-fullwidth\" style=\"border-color:#eae9e9;border-bottom-width: 0px;border-top-width: 0px;border-bottom-style: solid;border-top-style: solid;padding-bottom:20px;padding-top:20px;padding-left:px;padding-right:px;\"><style type=\"text\/css\" scoped=\"scoped\">.fusion-fullwidth-5 {\n                            padding-left: px !important;\n                            padding-right: px !important;\n                        }<\/style><div class=\"fusion-row\"><div class=\"fusion-one-fourth fusion-layout-column fusion-spacing-yes\" style=\"margin-top:0px;margin-bottom:20px;\"><div class=\"fusion-column-wrapper\"><span class=\"fusion-imageframe imageframe-none imageframe-5 hover-type-none\"><a class=\"fusion-no-lightbox\" href=\"http:\/\/www.centrosocialdesardoura.com\/wp\/respostas-sociais\/centro-dia\/\" target=\"_self\"> <img decoding=\"async\" src=\"http:\/\/www.centrosocialdesardoura.com\/wp\/wp-content\/uploads\/2015\/11\/lar4.jpg\" alt=\"\" class=\"img-responsive\"\/><\/a><\/span><div class=\"fusion-clearfix\"><\/div><\/div><\/div><div class=\"fusion-three-fourth fusion-layout-column fusion-column-last fusion-spacing-yes\" style=\"margin-top:0px;margin-bottom:20px;\"><div class=\"fusion-column-wrapper\"><h2>Centro de Dia<\/h2>\n<p>O Centro de Dia \u00e9 uma resposta social que consiste na presta\u00e7\u00e3o de cuidados individualizados e personalizados, a indiv\u00edduos e fam\u00edlias quando, por motivo de doen\u00e7a, defici\u00eancia ou outro impedimento, n\u00e3o possam assegurar a satisfa\u00e7\u00e3o das suas necessidades&#8230; <strong><a href=\"http:\/\/www.centrosocialdesardoura.com\/wp\/respostas-sociais\/centro-dia\/\">Ver mais<\/a><\/strong><\/p>\n<div class=\"fusion-clearfix\"><\/div><\/div><\/div><div class=\"fusion-clearfix\"><\/div><\/div><\/div><div class=\"fusion-fullwidth fullwidth-box fusion-fullwidth-6  fusion-parallax-none nonhundred-percent-fullwidth\" style=\"border-color:#eae9e9;border-bottom-width: 0px;border-top-width: 0px;border-bottom-style: solid;border-top-style: solid;padding-bottom:20px;padding-top:20px;padding-left:px;padding-right:px;\"><style type=\"text\/css\" scoped=\"scoped\">.fusion-fullwidth-6 {\n                            padding-left: px !important;\n                            padding-right: px !important;\n                        }<\/style><div class=\"fusion-row\"><div class=\"fusion-one-fourth fusion-layout-column fusion-spacing-yes\" style=\"margin-top:0px;margin-bottom:20px;\"><div class=\"fusion-column-wrapper\"><span class=\"fusion-imageframe imageframe-none imageframe-6 hover-type-none\"><a class=\"fusion-no-lightbox\" href=\"http:\/\/www.centrosocialdesardoura.com\/wp\/respostas-sociais\/servico-de-apoio-domiciliario\/\" target=\"_self\"> <img decoding=\"async\" src=\"http:\/\/www.centrosocialdesardoura.com\/wp\/wp-content\/uploads\/2015\/11\/SAD-2-300x183.png\" alt=\"\" class=\"img-responsive\"\/><\/a><\/span><div class=\"fusion-clearfix\"><\/div><\/div><\/div><div class=\"fusion-three-fourth fusion-layout-column fusion-column-last fusion-spacing-yes\" style=\"margin-top:0px;margin-bottom:20px;\"><div class=\"fusion-column-wrapper\"><h2>SAD &#8211; Servi\u00e7o de Apoio Domicili\u00e1rio<\/h2>\n<p>O Servi\u00e7o de Apoio Domicili\u00e1rio consiste na presta\u00e7\u00e3o de cuidados individuais e personalizados no domic\u00edlio, a pessoas idosas ou n\u00e3o, quando, por motivos de doen\u00e7a, defici\u00eancia ou outro impedimento, n\u00e3o possam assegurar tempor\u00e1ria ou permanente, a satisfa\u00e7\u00e3o das suas necessidades b\u00e1sicas e\/ou atividades da vida di\u00e1ria.. <strong><a href=\"http:\/\/www.centrosocialdesardoura.com\/wp\/respostas-sociais\/s-a-d\/\">Ver mais<\/a><\/strong><\/p>\n<div class=\"fusion-clearfix\"><\/div><\/div><\/div><div class=\"fusion-clearfix\"><\/div><\/div><\/div><div class=\"fusion-fullwidth fullwidth-box fusion-fullwidth-7  fusion-parallax-none nonhundred-percent-fullwidth\" style=\"border-color:#eae9e9;border-bottom-width: 0px;border-top-width: 0px;border-bottom-style: solid;border-top-style: solid;padding-bottom:20px;padding-top:20px;padding-left:px;padding-right:px;\"><style type=\"text\/css\" scoped=\"scoped\">.fusion-fullwidth-7 {\n                            padding-left: px !important;\n                            padding-right: px !important;\n                        }<\/style><div class=\"fusion-row\"><div class=\"fusion-one-fourth fusion-layout-column fusion-spacing-yes\" style=\"margin-top:0px;margin-bottom:20px;\"><div class=\"fusion-column-wrapper\"><span class=\"fusion-imageframe imageframe-none imageframe-7 hover-type-none\"><a class=\"fusion-no-lightbox\" href=\"http:\/\/www.centrosocialdesardoura.com\/wp\/respostas-sociais\/cantinas-sociais\/\" target=\"_self\"> <img decoding=\"async\" src=\"http:\/\/www.centrosocialdesardoura.com\/wp\/wp-content\/uploads\/2015\/11\/cantinas_sociais_3-300x169.jpg\" alt=\"\" class=\"img-responsive\"\/><\/a><\/span><div class=\"fusion-clearfix\"><\/div><\/div><\/div><div class=\"fusion-three-fourth fusion-layout-column fusion-column-last fusion-spacing-yes\" style=\"margin-top:0px;margin-bottom:20px;\"><div class=\"fusion-column-wrapper\"><h2>Cantinas sociais<\/h2>\n<p>As cantinas sociais s\u00e3o uma resposta de interven\u00e7\u00e3o no \u00e2mbito do Programa de Emerg\u00eancia Alimentar, que tem como objetivo suprir as necessidades alimentares dos indiv\u00edduos e fam\u00edlias em situa\u00e7\u00e3o de vulnerabilidade socioecon\u00f3mica, atrav\u00e9s da disponibiliza\u00e7\u00e3o de refei\u00e7\u00f5es. <strong><a href=\"http:\/\/www.centrosocialdesardoura.com\/wp\/respostas-sociais\/cantinas-sociais\/\">Ver mais<\/a><\/strong><\/p>\n<div class=\"fusion-clearfix\"><\/div><\/div><\/div><div class=\"fusion-clearfix\"><\/div><\/div><\/div><div class=\"fusion-fullwidth fullwidth-box fusion-fullwidth-8  fusion-parallax-none nonhundred-percent-fullwidth\" style=\"border-color:#eae9e9;border-bottom-width: 0px;border-top-width: 0px;border-bottom-style: solid;border-top-style: solid;padding-bottom:20px;padding-top:20px;padding-left:px;padding-right:px;\"><style type=\"text\/css\" scoped=\"scoped\">.fusion-fullwidth-8 {\n                            padding-left: px !important;\n                            padding-right: px !important;\n                        }<\/style><div class=\"fusion-row\"><div class=\"fusion-one-fourth fusion-layout-column fusion-spacing-yes\" style=\"margin-top:0px;margin-bottom:20px;\"><div class=\"fusion-column-wrapper\"><span class=\"fusion-imageframe imageframe-none imageframe-8 hover-type-none\"><a class=\"fusion-no-lightbox\" href=\"http:\/\/www.centrosocialdesardoura.com\/wp\/respostas-sociais\/fundo-europeu-de-apoio-a-carenciados\/\" target=\"_self\"> <img decoding=\"async\" src=\"http:\/\/www.centrosocialdesardoura.com\/wp\/wp-content\/uploads\/2015\/11\/feac-300x225.jpg\" alt=\"\" class=\"img-responsive\"\/><\/a><\/span><div class=\"fusion-clearfix\"><\/div><\/div><\/div><div class=\"fusion-three-fourth fusion-layout-column fusion-column-last fusion-spacing-yes\" style=\"margin-top:0px;margin-bottom:20px;\"><div class=\"fusion-column-wrapper\"><h2>PO APMC &#8211; Programa Operacional de Apoio \u00e0s Pessoas Mais Carenciadas<\/h2>\n<p>O Programa Operacional de Apoio \u00e0s Pessoas Mais Carenciadas pretende ser um instrumento de combate \u00e0 pobreza e \u00e0 exclus\u00e3o social em Portugal. Considerando que as principais causas s\u00e3o estruturais, mas agravadas por fatores conjunturais, o Programa foi desenhado (tendo como foco os referidos objetivos) numa l\u00f3gica de interven\u00e7\u00e3o mediante apoio alimentar e outros bens de consumo b\u00e1sico, assim como no desenvolvimento de medidas de acompanhamento que capacitem as pessoas mais carenciadas a v\u00e1rios n\u00edveis, promovendo assim a sua inclus\u00e3o. <strong><a href=\"https:\/\/www.centrosocialdesardoura.com\/wp\/respostas-sociais\/poapmc\/\">Ver mais<\/a><\/strong><\/p>\n<div class=\"fusion-clearfix\"><\/div><\/div><\/div><div class=\"fusion-clearfix\"><\/div><\/div><\/div><div class=\"fusion-fullwidth fullwidth-box fusion-fullwidth-9  fusion-parallax-none nonhundred-percent-fullwidth\" style=\"border-color:#eae9e9;border-bottom-width: 0px;border-top-width: 0px;border-bottom-style: solid;border-top-style: solid;padding-bottom:20px;padding-top:20px;padding-left:px;padding-right:px;\"><style type=\"text\/css\" scoped=\"scoped\">.fusion-fullwidth-9 {\n                            padding-left: px !important;\n                            padding-right: px !important;\n                        }<\/style><div class=\"fusion-row\"><div class=\"fusion-one-fourth fusion-layout-column fusion-spacing-yes\" style=\"margin-top:0px;margin-bottom:20px;\"><div class=\"fusion-column-wrapper\"><span class=\"fusion-imageframe imageframe-none imageframe-9 hover-type-none\"><a class=\"fusion-no-lightbox\" href=\"http:\/\/www.centrosocialdesardoura.com\/wp\/respostas-sociais\/fundo-europeu-de-apoio-a-carenciados\/\" target=\"_self\"> <img decoding=\"async\" src=\"https:\/\/www.centrosocialdesardoura.com\/wp\/wp-content\/uploads\/2020\/06\/CAARPD-300x225.jpg\" alt=\"\" class=\"img-responsive\"\/><\/a><\/span><div class=\"fusion-clearfix\"><\/div><\/div><\/div><div class=\"fusion-three-fourth fusion-layout-column fusion-column-last fusion-spacing-yes\" style=\"margin-top:0px;margin-bottom:20px;\"><div class=\"fusion-column-wrapper\"><h2>CAARPD &#8211; Centro de Atendimento, Acompanhamento e Reabilita\u00e7\u00e3o Social para Pessoas com Defici\u00eancia e Incapacidade<\/h2>\n<p>O CAARPD \u00e9 um servi\u00e7o especializado, que assegura o atendimento, acompanhamento e o processo de reabilita\u00e7\u00e3o social a pessoas com defici\u00eancia e incapacidade e disponibiliza servi\u00e7os de capacita\u00e7\u00e3o e suporte \u00e0s suas fam\u00edlias e\/ou cuidadores\/as informais. <strong><a href=\"https:\/\/www.centrosocialdesardoura.com\/wp\/respostas-sociais\/caarpd\/\">Ver mais<\/a><\/strong><\/p>\n<div class=\"fusion-clearfix\"><\/div><\/div><\/div><div class=\"fusion-clearfix\"><\/div><\/div><\/div><div class=\"fusion-fullwidth fullwidth-box fusion-fullwidth-10  fusion-parallax-none nonhundred-percent-fullwidth\" style=\"border-color:#eae9e9;border-bottom-width: 0px;border-top-width: 0px;border-bottom-style: solid;border-top-style: solid;padding-bottom:20px;padding-top:20px;padding-left:px;padding-right:px;\"><style type=\"text\/css\" scoped=\"scoped\">.fusion-fullwidth-10 {\n                            padding-left: px !important;\n                            padding-right: px !important;\n                        }<\/style><div class=\"fusion-row\"><div class=\"fusion-one-fourth fusion-layout-column fusion-spacing-yes\" style=\"margin-top:0px;margin-bottom:20px;\"><div class=\"fusion-column-wrapper\"><span class=\"fusion-imageframe imageframe-none imageframe-10 hover-type-none\"><a class=\"fusion-no-lightbox\" href=\"http:\/\/www.centrosocialdesardoura.com\/wp\/respostas-sociais\/transportes\/\" target=\"_self\"> <img decoding=\"async\" src=\"http:\/\/www.centrosocialdesardoura.com\/wp\/wp-content\/uploads\/Master.jpg\" alt=\"\" class=\"img-responsive\"\/><\/a><\/span><div class=\"fusion-clearfix\"><\/div><\/div><\/div><div class=\"fusion-three-fourth fusion-layout-column fusion-column-last fusion-spacing-yes\" style=\"margin-top:0px;margin-bottom:20px;\"><div class=\"fusion-column-wrapper\"><h2>Transportes<\/h2>\n<p>Embora n\u00e3o sejam uma Val\u00eancia os Transportes acabam por ser important\u00edssimos para o bom funcionamento da Institui\u00e7\u00e3o e acabam por ser transversais a todas as Resposta Sociais. O Centro Social de Santa Maria de Sardoura, ao longo dos anos, tem feito um grande esfor\u00e7o para colocar ao dispor dos seus utentes ve\u00edculos com qualidade apostando na constante renova\u00e7\u00e3o da frota. <strong><a href=\"http:\/\/www.centrosocialdesardoura.com\/wp\/respostas-sociais\/transportes\/\">Ver mais<\/a><\/strong><\/p>\n<div class=\"fusion-clearfix\"><\/div><\/div><\/div><div class=\"fusion-clearfix\"><\/div><\/div><\/div>\n","protected":false},"excerpt":{"rendered":"","protected":false},"author":1,"featured_media":0,"parent":0,"menu_order":0,"comment_status":"closed","ping_status":"open","template":"side-navigation.php","meta":{"footnotes":""},"class_list":["post-11","page","type-page","status-publish","hentry"],"_links":{"self":[{"href":"https:\/\/www.centrosocialdesardoura.com\/wp\/wp-json\/wp\/v2\/pages\/11","targetHints":{"allow":["GET"]}}],"collection":[{"href":"https:\/\/www.centrosocialdesardoura.com\/wp\/wp-json\/wp\/v2\/pages"}],"about":[{"href":"https:\/\/www.centrosocialdesardoura.com\/wp\/wp-json\/wp\/v2\/types\/page"}],"author":[{"embeddable":true,"href":"https:\/\/www.centrosocialdesardoura.com\/wp\/wp-json\/wp\/v2\/users\/1"}],"replies":[{"embeddable":true,"href":"https:\/\/www.centrosocialdesardoura.com\/wp\/wp-json\/wp\/v2\/comments?post=11"}],"version-history":[{"count":52,"href":"https:\/\/www.centrosocialdesardoura.com\/wp\/wp-json\/wp\/v2\/pages\/11\/revisions"}],"predecessor-version":[{"id":2123,"href":"https:\/\/www.centrosocialdesardoura.com\/wp\/wp-json\/wp\/v2\/pages\/11\/revisions\/2123"}],"wp:attachment":[{"href":"https:\/\/www.centrosocialdesardoura.com\/wp\/wp-json\/wp\/v2\/media?parent=11"}],"curies":[{"name":"wp","href":"https:\/\/api.w.org\/{rel}","templated":true}]}}