{"id":1814,"date":"2018-04-16T14:59:39","date_gmt":"2018-04-16T14:59:39","guid":{"rendered":"http:\/\/www.centrosocialdesardoura.com\/wp\/?page_id=1814"},"modified":"2021-06-13T15:41:10","modified_gmt":"2021-06-13T14:41:10","slug":"covid-19","status":"publish","type":"page","link":"https:\/\/www.centrosocialdesardoura.com\/wp\/covid-19\/","title":{"rendered":"COVID-19"},"content":{"rendered":"<\/p>\n<h2 class=\"wp-block-heading\">COVID-19 &#8211; Normas, Regulamentos e Procedimentos<\/h2>\n<ul class=\"wp-block-list\">\n<li><a href=\"https:\/\/www.centrosocialdesardoura.com\/wp\/wp-content\/uploads\/2021\/06\/Plano-de-Contingencia-do-SAD-Cantina-Social-e-POAPMC.pdf\" target=\"_blank\" rel=\"noreferrer noopener\">Plano de Conting\u00eancia do Servi\u00e7o de Apoio Domicili\u00e1rio, Cantina Social e POAPMC<\/a><\/li>\n<li><a rel=\"noreferrer noopener\" href=\"https:\/\/www.centrosocialdesardoura.com\/wp\/wp-content\/uploads\/2021\/05\/Plano-de-Contingencia-da-ERPI_Edicao-02.pdf\" target=\"_blank\">Plano de Conting\u00eancia do ERPI &#8211; COVID-19 &#8211; Edi\u00e7\u00e3o 02<\/a><\/li>\n<li><a rel=\"noreferrer noopener\" href=\"https:\/\/www.centrosocialdesardoura.com\/wp\/wp-content\/uploads\/2021\/05\/Plano-de-Contingencia-Infancia_edicao-01.pdf\" target=\"_blank\">Plano de Conting\u00eancia das Respostas Sociais de Apoio \u00e0 Inf\u00e2ncia &#8211; COVID-19 &#8211; Edi\u00e7\u00e3o 01<\/a><\/li>\n<li><a rel=\"noreferrer noopener\" href=\"http:\/\/www.centrosocialdesardoura.com\/wp\/wp-content\/uploads\/2020\/06\/Plano-Contingencia-COVID-19.pdf\" target=\"_blank\">Plano de Conting\u00eancia do CSSMS &#8211; COVID-19<\/a><\/li>\n<li><a rel=\"noreferrer noopener\" href=\"https:\/\/www.centrosocialdesardoura.com\/wp\/wp-content\/uploads\/2020\/10\/Plano-de-Contingencia_ERPI.pdf\" target=\"_blank\">Plano de Conting\u00eancia do ERPI &#8211; COVID-19<\/a><\/li>\n<li><a rel=\"noreferrer noopener\" href=\"https:\/\/www.centrosocialdesardoura.com\/wp\/wp-content\/uploads\/2020\/10\/Plano-de-Contingencia-Respostas-sociais-de-Apoio-a-Infancia.pdf\" target=\"_blank\">Plano de Conting\u00eancia das Respostas Sociais de Apoio \u00e0 Inf\u00e2ncia &#8211; COVID-19<\/a><\/li>\n<li><a rel=\"noreferrer noopener\" href=\"http:\/\/www.centrosocialdesardoura.com\/wp\/wp-content\/uploads\/2020\/06\/Procedimentos-a-ter-em-conta-nas-Visitas_CSSMS-2.pdf\" target=\"_blank\">Procedimentos a ter em conta nas visitas aos clientes residentes no ERPI do CSSMS<\/a><\/li>\n<li><a rel=\"noreferrer noopener\" href=\"http:\/\/www.centrosocialdesardoura.com\/wp\/wp-content\/uploads\/2020\/06\/Normas-Reguladoras-para-Reabertura-da-Creche_1.pdf\" target=\"_blank\">Normas Reguladoras para Reabertura da Creche do CSSMS<\/a><\/li>\n<li><a rel=\"noreferrer noopener\" href=\"http:\/\/www.centrosocialdesardoura.com\/wp\/wp-content\/uploads\/2020\/06\/Normas-Reguladoras-para-Reabertura-do-prolongamento-escolar.pdf\" target=\"_blank\">Normas Reguladoras para Reabertura do Prolongamento Escolar do CSSMS<\/a><\/li>\n<\/ul>\n<span class=\"fusion-imageframe imageframe-none imageframe-1 hover-type-none\"> <img decoding=\"async\" src=\"https:\/\/www.centrosocialdesardoura.com\/wp\/wp-content\/uploads\/2020\/06\/O-que-e\u0301-a-COVID19-10-1536x1536-1.png\" alt=\"\" class=\"img-responsive\"\/><\/span>","protected":false},"excerpt":{"rendered":"","protected":false},"author":2,"featured_media":0,"parent":0,"menu_order":0,"comment_status":"closed","ping_status":"closed","template":"","meta":{"footnotes":""},"class_list":["post-1814","page","type-page","status-publish","hentry"],"_links":{"self":[{"href":"https:\/\/www.centrosocialdesardoura.com\/wp\/wp-json\/wp\/v2\/pages\/1814","targetHints":{"allow":["GET"]}}],"collection":[{"href":"https:\/\/www.centrosocialdesardoura.com\/wp\/wp-json\/wp\/v2\/pages"}],"about":[{"href":"https:\/\/www.centrosocialdesardoura.com\/wp\/wp-json\/wp\/v2\/types\/page"}],"author":[{"embeddable":true,"href":"https:\/\/www.centrosocialdesardoura.com\/wp\/wp-json\/wp\/v2\/users\/2"}],"replies":[{"embeddable":true,"href":"https:\/\/www.centrosocialdesardoura.com\/wp\/wp-json\/wp\/v2\/comments?post=1814"}],"version-history":[{"count":23,"href":"https:\/\/www.centrosocialdesardoura.com\/wp\/wp-json\/wp\/v2\/pages\/1814\/revisions"}],"predecessor-version":[{"id":9447,"href":"https:\/\/www.centrosocialdesardoura.com\/wp\/wp-json\/wp\/v2\/pages\/1814\/revisions\/9447"}],"wp:attachment":[{"href":"https:\/\/www.centrosocialdesardoura.com\/wp\/wp-json\/wp\/v2\/media?parent=1814"}],"curies":[{"name":"wp","href":"https:\/\/api.w.org\/{rel}","templated":true}]}}