{"id":369,"date":"2015-11-23T09:38:29","date_gmt":"2015-11-23T09:38:29","guid":{"rendered":"http:\/\/www.centrosocialdesardoura.com\/wp\/?page_id=369"},"modified":"2023-01-23T10:03:09","modified_gmt":"2023-01-23T10:03:09","slug":"formacao-inicial","status":"publish","type":"page","link":"https:\/\/www.centrosocialdesardoura.com\/wp\/formacao\/tip-3-01\/formacao-inicial\/","title":{"rendered":"Forma\u00e7\u00e3o Inicial"},"content":{"rendered":"<div class=\"fusion-one-full fusion-layout-column fusion-column-last fusion-spacing-yes\" style=\"margin-top:0px;margin-bottom:20px;\"><div class=\"fusion-column-wrapper\"><h1>Plano Formativo 2022\/23<\/h1>\n<p>Forma\u00e7\u00e3o Inicial:\u00a0Cursos de Dupla Certifica\u00e7\u00e3o com dura\u00e7\u00e3o de 3600 horas:<\/p>\n<p>(Qualifica\u00e7\u00e3o Profissional + Qualifica\u00e7\u00e3o Escolar)<\/p>\n<div class=\"fusion-clearfix\"><\/div><\/div><\/div><div class=\"fusion-clearfix\"><\/div><div class=\"fusion-one-full fusion-layout-column fusion-column-last fusion-spacing-yes\" style=\"margin-top:0px;margin-bottom:20px;\"><div class=\"fusion-column-wrapper\"><div class=\"fusion-tabs fusion-tabs-1 classic horizontal-tabs\"><style type=\"text\/css\">.fusion-tabs.fusion-tabs-1 .nav-tabs li a{border-top-color:#ebeaea;background-color:#ebeaea;}.fusion-tabs.fusion-tabs-1 .nav-tabs{background-color:#ffffff;}.fusion-tabs.fusion-tabs-1 .nav-tabs li.active a,.fusion-tabs.fusion-tabs-1 .nav-tabs li.active a:hover,.fusion-tabs.fusion-tabs-1 .nav-tabs li.active a:focus{border-right-color:#ffffff;}.fusion-tabs.fusion-tabs-1 .nav-tabs li.active a,.fusion-tabs.fusion-tabs-1 .nav-tabs li.active a:hover,.fusion-tabs.fusion-tabs-1 .nav-tabs li.active a:focus{background-color:#ffffff;}.fusion-tabs.fusion-tabs-1 .nav-tabs li a:hover{background-color:#ffffff;border-top-color:#ffffff;}.fusion-tabs.fusion-tabs-1 .tab-pane{background-color:#ffffff;}.fusion-tabs.fusion-tabs-1 .nav,.fusion-tabs.fusion-tabs-1 .nav-tabs,.fusion-tabs.fusion-tabs-1 .tab-content .tab-pane{border-color:#ebeaea;}<\/style><div class=\"nav\"><ul class=\"nav-tabs nav-justified\"><li class=\"active\"><a class=\"tab-link\" id=\"fusion-tab-castelodepaiva\" href=\"#tab-d13e59b8df86e0fe960\" data-toggle=\"tab\"><h4 class=\"fusion-tab-heading\">CASTELO DE PAIVA <\/h4><\/a><\/li><li><a class=\"tab-link\" id=\"fusion-tab-cinf\u00c3es\" href=\"#tab-82768167d0f8f42b8b0\" data-toggle=\"tab\"><h4 class=\"fusion-tab-heading\">CINF\u00c3ES<\/h4><\/a><\/li><li><a class=\"tab-link\" id=\"fusion-tab-canedo\" href=\"#tab-b6289e7b8aa2b251e20\" data-toggle=\"tab\"><h4 class=\"fusion-tab-heading\">CANEDO<\/h4><\/a><\/li><li><a class=\"tab-link\" id=\"fusion-tab-melres\" href=\"#tab-16e4905474a7709d5ac\" data-toggle=\"tab\"><h4 class=\"fusion-tab-heading\">MELRES<\/h4><\/a><\/li><li><a class=\"tab-link\" id=\"fusion-tab-alpendorada\" href=\"#tab-b9669e15e12b5274c1c\" data-toggle=\"tab\"><h4 class=\"fusion-tab-heading\">AlPENDORADA<\/h4><\/a><\/li><li><a class=\"tab-link\" id=\"fusion-tab-penafiel\" href=\"#tab-0cab3925ba675d2bc26\" data-toggle=\"tab\"><h4 class=\"fusion-tab-heading\">PENAFIEL<\/h4><\/a><\/li><li><a class=\"tab-link\" id=\"fusion-tab-paredes\" href=\"#tab-6f91c00889ee02b6178\" data-toggle=\"tab\"><h4 class=\"fusion-tab-heading\">PAREDES<\/h4><\/a><\/li><li><a class=\"tab-link\" id=\"fusion-tab-arouca\" href=\"#tab-85ceade658b08bfbe5f\" data-toggle=\"tab\"><h4 class=\"fusion-tab-heading\">AROUCA<\/h4><\/a><\/li><\/ul><\/div><div class=\"tab-content\"><div class=\"tab-pane fade in active\" id=\"tab-d13e59b8df86e0fe960\"><\/p>\n<p>Mec\u00e2nico\/a de Autom\u00f3veis Ligeiros,<\/p>\n<p>Carpinteiro de limpos,<\/p>\n<p>Pasteleiro\/Padeiro.<\/p>\n<p><\/div><div class=\"tab-pane fade\" id=\"tab-82768167d0f8f42b8b0\"><\/p>\n<p>Operador\/a Agr\u00edcola \u2013 Horticultura e Fruticultura,<\/p>\n<p>Empregado\/a de Mesa,<\/p>\n<p>Operador\/a de Jardinagem.<\/p>\n<p><\/div><div class=\"tab-pane fade\" id=\"tab-b6289e7b8aa2b251e20\"><\/p>\n<p>Assistente Familiar e de Apoio \u00e0 Comunidade,<\/p>\n<p>Operador\/a Agr\u00edcola: Horticultura e Fruticultura.<\/p>\n<p><\/div><div class=\"tab-pane fade\" id=\"tab-16e4905474a7709d5ac\"><\/p>\n<p>Operador\/a Agr\u00edcola: Horticultura e Fruticultura,<\/p>\n<p>Operador\/a de Armazenagem.<\/p>\n<p><\/div><div class=\"tab-pane fade\" id=\"tab-b9669e15e12b5274c1c\"><\/p>\n<p>Costureiro\/a de Modista.<\/p>\n<p><\/div><div class=\"tab-pane fade\" id=\"tab-0cab3925ba675d2bc26\"><\/p>\n<p>Assistente Familiar e de Apoio \u00e0 Comunidade,<\/p>\n<p>Operador\/a de Armazenagem.<\/p>\n<p><\/div><div class=\"tab-pane fade\" id=\"tab-6f91c00889ee02b6178\"><\/p>\n<p>Carpinteiro de Limpos,<\/p>\n<p>Operador\/a de Jardinagem.<\/p>\n<p><\/div><div class=\"tab-pane fade\" id=\"tab-85ceade658b08bfbe5f\"><\/p>\n<p>Empregado\/a de Mesa<\/p>\n<p><\/div><\/div><\/div><div class=\"fusion-clearfix\"><\/div><\/div><\/div><div class=\"fusion-clearfix\"><\/div><a href=\"https:\/\/www.centrosocialdesardoura.com\/wp\/formacao\/tip-3-01\/\">Tip 3.01- Qualifica\u00e7\u00e3o de Pessoas com Defici\u00eancia e\/ou Incapacidade<\/a><\/p>\n<h3 data-fontsize=\"45\"> <em>Cofinanciado por:<\/em> <\/h3>\n<p><a href=\"https:\/\/www.centrosocialdesardoura.com\/wp\/wp-content\/uploads\/2022\/11\/logotipos.png\"><img loading=\"lazy\" decoding=\"async\" class=\"alignnone size-large wp-image-11841\" src=\"https:\/\/www.centrosocialdesardoura.com\/wp\/wp-content\/uploads\/2022\/11\/logotipos-1024x67.png\" alt=\"\" width=\"669\" height=\"44\" srcset=\"https:\/\/www.centrosocialdesardoura.com\/wp\/wp-content\/uploads\/2022\/11\/logotipos-1024x67.png 1024w, https:\/\/www.centrosocialdesardoura.com\/wp\/wp-content\/uploads\/2022\/11\/logotipos-300x20.png 300w, https:\/\/www.centrosocialdesardoura.com\/wp\/wp-content\/uploads\/2022\/11\/logotipos-768x51.png 768w, https:\/\/www.centrosocialdesardoura.com\/wp\/wp-content\/uploads\/2022\/11\/logotipos-1536x101.png 1536w, https:\/\/www.centrosocialdesardoura.com\/wp\/wp-content\/uploads\/2022\/11\/logotipos-2048x135.png 2048w\" sizes=\"auto, (max-width: 669px) 100vw, 669px\" \/><\/a><\/p>\n","protected":false},"excerpt":{"rendered":"<p>Tip 3.01- Qualifica\u00e7\u00e3o de Pessoas com Defici\u00eancia e\/ou Incapacidade Cofinanciado por:<\/p>\n","protected":false},"author":1,"featured_media":0,"parent":243,"menu_order":1,"comment_status":"closed","ping_status":"closed","template":"","meta":{"footnotes":""},"class_list":["post-369","page","type-page","status-publish","hentry"],"_links":{"self":[{"href":"https:\/\/www.centrosocialdesardoura.com\/wp\/wp-json\/wp\/v2\/pages\/369","targetHints":{"allow":["GET"]}}],"collection":[{"href":"https:\/\/www.centrosocialdesardoura.com\/wp\/wp-json\/wp\/v2\/pages"}],"about":[{"href":"https:\/\/www.centrosocialdesardoura.com\/wp\/wp-json\/wp\/v2\/types\/page"}],"author":[{"embeddable":true,"href":"https:\/\/www.centrosocialdesardoura.com\/wp\/wp-json\/wp\/v2\/users\/1"}],"replies":[{"embeddable":true,"href":"https:\/\/www.centrosocialdesardoura.com\/wp\/wp-json\/wp\/v2\/comments?post=369"}],"version-history":[{"count":37,"href":"https:\/\/www.centrosocialdesardoura.com\/wp\/wp-json\/wp\/v2\/pages\/369\/revisions"}],"predecessor-version":[{"id":11911,"href":"https:\/\/www.centrosocialdesardoura.com\/wp\/wp-json\/wp\/v2\/pages\/369\/revisions\/11911"}],"up":[{"embeddable":true,"href":"https:\/\/www.centrosocialdesardoura.com\/wp\/wp-json\/wp\/v2\/pages\/243"}],"wp:attachment":[{"href":"https:\/\/www.centrosocialdesardoura.com\/wp\/wp-json\/wp\/v2\/media?parent=369"}],"curies":[{"name":"wp","href":"https:\/\/api.w.org\/{rel}","templated":true}]}}